{"id":665,"date":"2022-11-06T08:06:24","date_gmt":"2022-11-06T07:06:24","guid":{"rendered":"https:\/\/tm-musik.de\/?page_id=665"},"modified":"2023-07-24T11:17:07","modified_gmt":"2023-07-24T09:17:07","slug":"impressum","status":"publish","type":"page","link":"https:\/\/tm-musik.de\/?page_id=665","title":{"rendered":"Impressum"},"content":{"rendered":"\n<p><strong>Inhaltlich verantwortlich gem\u00e4\u00df \u00a7 55 RStV:<\/strong> <br><a rel=\"noreferrer noopener\" href=\"mailto:info@tm-musik.de\" target=\"_blank\">info@tm-musik.de<\/a><\/p>\n\n\n\n<p><strong>Online-Streitbeilegung gem\u00e4\u00df Art. 14 Abs. 1 ODR-VO<\/strong>: <br>Die Europ\u00e4ische Kommission stellt unter <a href=\"https:\/\/ec.europa.eu\/consumers\/odr\/\" target=\"_blank\" rel=\"noreferrer noopener\">https:\/\/ec.europa.eu\/consumers\/odr\/<\/a> eine Plattform zur Online-Streitbeilegung bereit, die Verbraucher f\u00fcr die Beilegung einer Streitigkeit nutzen k\u00f6nnen und auf der weitere Informationen zum Thema Streitschlichtung zu finden sind.<\/p>\n\n\n\n<p><strong>Au\u00dfergerichtliche Streitbeilegung<\/strong>: <br>Wir sind weder verpflichtet noch dazu bereit, im Falle einer Streitigkeit mit einem Verbraucher an einem Streitbeilegungsverfahren vor einer Verbraucherschlichtungsstelle teilzunehmen.<\/p>\n\n\n\n<p><strong>Haftungsausschluss<\/strong>: <br>Die hier im Internet ver\u00f6ffentlichten Informationen sind nach bestem Wissen und Gewissen zusammengestellt und sorgf\u00e4ltig \u00fcberpr\u00fcft worden. Es besteht keine Gew\u00e4hr f\u00fcr Richtigkeit, Vollst\u00e4ndigkeit und Aktualit\u00e4t und es wird keine Haftung f\u00fcr die Inhalte der angegebenen externen Links \u00fcbernommen. F\u00fcr den Inhalt der verlinkten Seiten sind ausschlie\u00dflich deren Betreiber verantwortlich.<\/p>\n\n\n\n<p><strong>Copyright<\/strong>: <br>Alle Inhalte von <a href=\"http:\/\/tm-musik.de\" target=\"_blank\" rel=\"noreferrer noopener\">tm-musik.de<\/a>, insbesondere Musik, Texte, Fotografien und Grafiken, sind urheberrechtlich gesch\u00fctzt. Das Urheberrecht liegt, soweit nicht ausdr\u00fccklich anders gekennzeichnet, beim Betreiber der Seite. Jede Ver\u00e4nderung, Vervielf\u00e4ltigung, Verbreitung oder \u00f6ffentliche Wiedergabe (auch auszugsweise) ist unzul\u00e4ssig.<\/p>\n","protected":false},"excerpt":{"rendered":"<p>Inhaltlich verantwortlich gem\u00e4\u00df \u00a7 55 RStV: info@tm-musik.de Online-Streitbeilegung gem\u00e4\u00df Art. 14 Abs. 1 ODR-VO: Die Europ\u00e4ische Kommission stellt unter https:\/\/ec.europa.eu\/consumers\/odr\/ &hellip; <a href=\"https:\/\/tm-musik.de\/?page_id=665\" class=\"more-link\">Continue reading <span class=\"screen-reader-text\">Impressum<\/span><\/a><\/p>\n","protected":false},"author":1,"featured_media":0,"parent":0,"menu_order":0,"comment_status":"closed","ping_status":"open","template":"","meta":{"footnotes":""},"class_list":["post-665","page","type-page","status-publish","hentry"],"jetpack_sharing_enabled":true,"_links":{"self":[{"href":"https:\/\/tm-musik.de\/index.php?rest_route=\/wp\/v2\/pages\/665","targetHints":{"allow":["GET"]}}],"collection":[{"href":"https:\/\/tm-musik.de\/index.php?rest_route=\/wp\/v2\/pages"}],"about":[{"href":"https:\/\/tm-musik.de\/index.php?rest_route=\/wp\/v2\/types\/page"}],"author":[{"embeddable":true,"href":"https:\/\/tm-musik.de\/index.php?rest_route=\/wp\/v2\/users\/1"}],"replies":[{"embeddable":true,"href":"https:\/\/tm-musik.de\/index.php?rest_route=%2Fwp%2Fv2%2Fcomments&post=665"}],"version-history":[{"count":0,"href":"https:\/\/tm-musik.de\/index.php?rest_route=\/wp\/v2\/pages\/665\/revisions"}],"wp:attachment":[{"href":"https:\/\/tm-musik.de\/index.php?rest_route=%2Fwp%2Fv2%2Fmedia&parent=665"}],"curies":[{"name":"wp","href":"https:\/\/api.w.org\/{rel}","templated":true}]}}